{"id":47,"date":"2020-06-30T19:31:22","date_gmt":"2020-06-30T22:31:22","guid":{"rendered":"http:\/\/i2ca.ai\/?page_id=47"},"modified":"2024-01-10T16:32:37","modified_gmt":"2024-01-10T19:32:37","slug":"teste","status":"publish","type":"page","link":"http:\/\/i2ca.ai\/index.php\/teste\/","title":{"rendered":"IARA"},"content":{"rendered":"\n<p>O Laborat\u00f3rio de Computa\u00e7\u00e3o de Alto Desempenho (LCAD) da Universidade Federal do Esp\u00edrito Santo (UFES) desenvolve desde 2009 o carro aut\u00f4nomo IARA \u2013 <em>Intelligent Autonomous Robotic Automobile<\/em> (<a href=\"https:\/\/youtu.be\/t7D0GQJWYPQ\">https:\/\/youtu.be\/t7D0GQJWYPQ<\/a>) \u2013, que \u00e9 uma plataforma de hardware e software para investiga\u00e7\u00e3o de todos os aspectos relevantes para implementa\u00e7\u00e3o e uso de carros aut\u00f4nomos. <\/p>\n\n\n\n<p>O projeto IARA do LCAD\/UFES resultou no desenvolvimento de um carro aut\u00f4nomo capaz de realizar uma viagem de Vit\u00f3ria-ES a Mea\u00edpe, em Guarapari-ES (74 Km), de forma aut\u00f4noma em maio de 2017 \u2013 denominamos esta viagem de desafio da Ida a Guarapari (<a href=\"https:\/\/glo.bo\/2tcESOz\">https:\/\/glo.bo\/2tcESOz<\/a>).<\/p>\n\n\n\n<div class=\"wp-block-image\"><figure class=\"aligncenter size-large is-resized\"><img loading=\"lazy\" src=\"http:\/\/i2ca.ai\/wp-content\/uploads\/2020\/06\/WP_20160811_15_49_26_Raw-1024x576.jpg\" alt=\"\" class=\"wp-image-43\" width=\"430\" height=\"241\" srcset=\"http:\/\/i2ca.ai\/wp-content\/uploads\/2020\/06\/WP_20160811_15_49_26_Raw-1024x576.jpg 1024w, http:\/\/i2ca.ai\/wp-content\/uploads\/2020\/06\/WP_20160811_15_49_26_Raw-300x169.jpg 300w, http:\/\/i2ca.ai\/wp-content\/uploads\/2020\/06\/WP_20160811_15_49_26_Raw-768x432.jpg 768w, http:\/\/i2ca.ai\/wp-content\/uploads\/2020\/06\/WP_20160811_15_49_26_Raw-1536x864.jpg 1536w, http:\/\/i2ca.ai\/wp-content\/uploads\/2020\/06\/WP_20160811_15_49_26_Raw-2048x1152.jpg 2048w\" sizes=\"(max-width: 430px) 100vw, 430px\" \/><\/figure><\/div>\n","protected":false},"excerpt":{"rendered":"<p> <a class=\"more-link\" href=\"http:\/\/i2ca.ai\/index.php\/teste\/\">Leia mais&#8230; &raquo;<\/a><\/p>\n","protected":false},"author":3,"featured_media":43,"parent":0,"menu_order":0,"comment_status":"closed","ping_status":"closed","template":"","meta":[],"_links":{"self":[{"href":"http:\/\/i2ca.ai\/index.php\/wp-json\/wp\/v2\/pages\/47"}],"collection":[{"href":"http:\/\/i2ca.ai\/index.php\/wp-json\/wp\/v2\/pages"}],"about":[{"href":"http:\/\/i2ca.ai\/index.php\/wp-json\/wp\/v2\/types\/page"}],"author":[{"embeddable":true,"href":"http:\/\/i2ca.ai\/index.php\/wp-json\/wp\/v2\/users\/3"}],"replies":[{"embeddable":true,"href":"http:\/\/i2ca.ai\/index.php\/wp-json\/wp\/v2\/comments?post=47"}],"version-history":[{"count":5,"href":"http:\/\/i2ca.ai\/index.php\/wp-json\/wp\/v2\/pages\/47\/revisions"}],"predecessor-version":[{"id":210,"href":"http:\/\/i2ca.ai\/index.php\/wp-json\/wp\/v2\/pages\/47\/revisions\/210"}],"wp:featuredmedia":[{"embeddable":true,"href":"http:\/\/i2ca.ai\/index.php\/wp-json\/wp\/v2\/media\/43"}],"wp:attachment":[{"href":"http:\/\/i2ca.ai\/index.php\/wp-json\/wp\/v2\/media?parent=47"}],"curies":[{"name":"wp","href":"https:\/\/api.w.org\/{rel}","templated":true}]}}