{"id":21,"date":"2020-06-29T19:03:46","date_gmt":"2020-06-29T22:03:46","guid":{"rendered":"http:\/\/i2ca.ai\/?page_id=21"},"modified":"2024-01-10T16:14:27","modified_gmt":"2024-01-10T19:14:27","slug":"uma-secao-de-pagina-inicial","status":"publish","type":"page","link":"http:\/\/i2ca.ai\/index.php\/uma-secao-de-pagina-inicial\/","title":{"rendered":"\u00c1reas de Pesquisa"},"content":{"rendered":"\n<p>Na \u00e1rea de <strong>Cogni\u00e7\u00e3o Visual Artificial<\/strong>, investigamos mecanismos de hardware e software para a emula\u00e7\u00e3o de aspectos relevantes da cogni\u00e7\u00e3o visual humana &#8211; ou a compreens\u00e3o do mundo e das ideias por meio da vis\u00e3o.<\/p>\n\n\n\n<p>Na \u00e1rea de <strong>Mobilidade Aut\u00f4noma<\/strong>, investigamos mecanismos de hardware e software para a emula\u00e7\u00e3o da autonomia de movimento humana. Humanos s\u00e3o aut\u00f4nomos &#8211; buscaremos tornar aut\u00f4nomos ve\u00edculos e outros sistemas.<\/p>\n\n\n\n<p>Na \u00e1rea de <strong>Intera\u00e7\u00e3o Aut\u00f4noma Inteligente<\/strong> investigamos mecanismos de hardware e software para a emula\u00e7\u00e3o de intera\u00e7\u00f5es que humanos s\u00e3o capazes de realizar uns com os outros ou com objetos e m\u00e1quinas do mundo f\u00edsico ou virtual.<\/p>\n\n\n\n<p>No I<sup>2<\/sup>CA buscamos fundamentalmente desenvolver e disponibilizar para a ind\u00fastria ve\u00edculos e outros sistemas aut\u00f4nomos, como os que j\u00e1 desenvolvemos para a Embraer, resultado de nossa pesquisa com o carro aut\u00f4nomo IARA (<em>Intelligent Autonomous Robotic Automobile<\/em>).<\/p>\n","protected":false},"excerpt":{"rendered":"<p> <a class=\"more-link\" href=\"http:\/\/i2ca.ai\/index.php\/uma-secao-de-pagina-inicial\/\">Leia mais&#8230; &raquo;<\/a><\/p>\n","protected":false},"author":1,"featured_media":56,"parent":0,"menu_order":0,"comment_status":"closed","ping_status":"closed","template":"","meta":[],"_links":{"self":[{"href":"http:\/\/i2ca.ai\/index.php\/wp-json\/wp\/v2\/pages\/21"}],"collection":[{"href":"http:\/\/i2ca.ai\/index.php\/wp-json\/wp\/v2\/pages"}],"about":[{"href":"http:\/\/i2ca.ai\/index.php\/wp-json\/wp\/v2\/types\/page"}],"author":[{"embeddable":true,"href":"http:\/\/i2ca.ai\/index.php\/wp-json\/wp\/v2\/users\/1"}],"replies":[{"embeddable":true,"href":"http:\/\/i2ca.ai\/index.php\/wp-json\/wp\/v2\/comments?post=21"}],"version-history":[{"count":4,"href":"http:\/\/i2ca.ai\/index.php\/wp-json\/wp\/v2\/pages\/21\/revisions"}],"predecessor-version":[{"id":195,"href":"http:\/\/i2ca.ai\/index.php\/wp-json\/wp\/v2\/pages\/21\/revisions\/195"}],"wp:featuredmedia":[{"embeddable":true,"href":"http:\/\/i2ca.ai\/index.php\/wp-json\/wp\/v2\/media\/56"}],"wp:attachment":[{"href":"http:\/\/i2ca.ai\/index.php\/wp-json\/wp\/v2\/media?parent=21"}],"curies":[{"name":"wp","href":"https:\/\/api.w.org\/{rel}","templated":true}]}}