{"id":19,"date":"2020-06-29T19:03:46","date_gmt":"2020-06-29T22:03:46","guid":{"rendered":"http:\/\/i2ca.ai\/?page_id=19"},"modified":"2024-01-11T10:57:37","modified_gmt":"2024-01-11T13:57:37","slug":"contato","status":"publish","type":"page","link":"http:\/\/i2ca.ai\/index.php\/contato\/","title":{"rendered":"Contato"},"content":{"rendered":"\n<p>O I2CA funciona no pr\u00e9dio do Programa de P\u00f3s-Gradua\u00e7\u00e3o em Inform\u00e1tica da Ufes, localizado no Centro Tecnol\u00f3gico da Ufes, Campus de Goiabeiras. Endere\u00e7o:<\/p>\n\n\n\n<p>Instituto de Intelig\u00eancia Computacional Aplicada<br>Centro Tecnol\u00f3gico VIII &#8211; Ufes<br>Av. Fernando Ferrari, 514<br>Vit\u00f3ria &#8211; ES &#8211; CEP 29075-910<\/p>\n\n\n\n<p>E-mail: <a href=\"mailto:i2ca@i2ca.ai\">i2ca@i2ca.ai<\/a><\/p>\n","protected":false},"excerpt":{"rendered":"<p> <a class=\"more-link\" href=\"http:\/\/i2ca.ai\/index.php\/contato\/\">Leia mais&#8230; &raquo;<\/a><\/p>\n","protected":false},"author":1,"featured_media":91,"parent":0,"menu_order":0,"comment_status":"closed","ping_status":"closed","template":"","meta":[],"_links":{"self":[{"href":"http:\/\/i2ca.ai\/index.php\/wp-json\/wp\/v2\/pages\/19"}],"collection":[{"href":"http:\/\/i2ca.ai\/index.php\/wp-json\/wp\/v2\/pages"}],"about":[{"href":"http:\/\/i2ca.ai\/index.php\/wp-json\/wp\/v2\/types\/page"}],"author":[{"embeddable":true,"href":"http:\/\/i2ca.ai\/index.php\/wp-json\/wp\/v2\/users\/1"}],"replies":[{"embeddable":true,"href":"http:\/\/i2ca.ai\/index.php\/wp-json\/wp\/v2\/comments?post=19"}],"version-history":[{"count":3,"href":"http:\/\/i2ca.ai\/index.php\/wp-json\/wp\/v2\/pages\/19\/revisions"}],"predecessor-version":[{"id":137,"href":"http:\/\/i2ca.ai\/index.php\/wp-json\/wp\/v2\/pages\/19\/revisions\/137"}],"wp:featuredmedia":[{"embeddable":true,"href":"http:\/\/i2ca.ai\/index.php\/wp-json\/wp\/v2\/media\/91"}],"wp:attachment":[{"href":"http:\/\/i2ca.ai\/index.php\/wp-json\/wp\/v2\/media?parent=19"}],"curies":[{"name":"wp","href":"https:\/\/api.w.org\/{rel}","templated":true}]}}